{"id":92,"date":"2015-02-12T19:20:22","date_gmt":"2015-02-12T19:20:22","guid":{"rendered":"https:\/\/csabogadas.com.ar\/?page_id=92"},"modified":"2015-02-12T21:15:20","modified_gmt":"2015-02-12T21:15:20","slug":"derecho-bancario-y-cambiario","status":"publish","type":"page","link":"https:\/\/csabogadas.com.ar\/?page_id=92","title":{"rendered":"Derecho bancario y cambiario"},"content":{"rendered":"<ul>\n<li><span style=\"color: #808080;\">Cheque, pagar\u00e9, t\u00edtulos de cr\u00e9dito<\/span><\/li>\n<li><span style=\"color: #808080;\">Ejecuciones hipotecarias<\/span><\/li>\n<li><span style=\"color: #808080;\">Leasing<\/span><\/li>\n<li><span style=\"color: #808080;\">Embargos e inhibiciones generales de bienes<\/span><\/li>\n<li><span style=\"color: #808080;\">R\u00e9gimen Penal cambiario.<\/span><\/li>\n<\/ul>\n","protected":false},"excerpt":{"rendered":"<p>Cheque, pagar\u00e9, t\u00edtulos de cr\u00e9dito Ejecuciones hipotecarias Leasing Embargos e inhibiciones generales de bienes R\u00e9gimen Penal cambiario.<\/p>\n","protected":false},"author":2,"featured_media":0,"parent":34,"menu_order":10,"comment_status":"closed","ping_status":"closed","template":"","meta":{"footnotes":""},"class_list":["post-92","page","type-page","status-publish","hentry"],"_links":{"self":[{"href":"https:\/\/csabogadas.com.ar\/index.php?rest_route=\/wp\/v2\/pages\/92","targetHints":{"allow":["GET"]}}],"collection":[{"href":"https:\/\/csabogadas.com.ar\/index.php?rest_route=\/wp\/v2\/pages"}],"about":[{"href":"https:\/\/csabogadas.com.ar\/index.php?rest_route=\/wp\/v2\/types\/page"}],"author":[{"embeddable":true,"href":"https:\/\/csabogadas.com.ar\/index.php?rest_route=\/wp\/v2\/users\/2"}],"replies":[{"embeddable":true,"href":"https:\/\/csabogadas.com.ar\/index.php?rest_route=%2Fwp%2Fv2%2Fcomments&post=92"}],"version-history":[{"count":1,"href":"https:\/\/csabogadas.com.ar\/index.php?rest_route=\/wp\/v2\/pages\/92\/revisions"}],"predecessor-version":[{"id":93,"href":"https:\/\/csabogadas.com.ar\/index.php?rest_route=\/wp\/v2\/pages\/92\/revisions\/93"}],"up":[{"embeddable":true,"href":"https:\/\/csabogadas.com.ar\/index.php?rest_route=\/wp\/v2\/pages\/34"}],"wp:attachment":[{"href":"https:\/\/csabogadas.com.ar\/index.php?rest_route=%2Fwp%2Fv2%2Fmedia&parent=92"}],"curies":[{"name":"wp","href":"https:\/\/api.w.org\/{rel}","templated":true}]}}