{"id":85,"date":"2015-02-12T19:12:53","date_gmt":"2015-02-12T19:12:53","guid":{"rendered":"https:\/\/csabogadas.com.ar\/?page_id=85"},"modified":"2015-02-12T21:17:10","modified_gmt":"2015-02-12T21:17:10","slug":"derecho-del-consumidor","status":"publish","type":"page","link":"https:\/\/csabogadas.com.ar\/?page_id=85","title":{"rendered":"Derecho del consumidor"},"content":{"rendered":"<ul>\n<li style=\"text-align: justify;\"><span style=\"color: #808080;\">Planes de ahorro<\/span><\/li>\n<li style=\"text-align: justify;\"><span style=\"color: #808080;\">Audiencia de Mediaci\u00f3n (Defensa del Consumidor)<\/span><\/li>\n<li style=\"text-align: justify;\"><span style=\"color: #808080;\">Clausulas contractuales nulas<\/span><\/li>\n<li style=\"text-align: justify;\"><span style=\"color: #808080;\">Procesos colectivos<\/span><\/li>\n<li style=\"text-align: justify;\"><span style=\"color: #808080;\">Publicidad enga\u00f1osa<\/span><\/li>\n<li style=\"text-align: justify;\"><span style=\"color: #808080;\">Incumplimiento contractuales<\/span><\/li>\n<li style=\"text-align: justify;\"><span style=\"color: #808080;\">Reclamos vinculados al servicio de compa\u00f1\u00edas telef\u00f3nicas<\/span><\/li>\n<li style=\"text-align: justify;\"><span style=\"color: #808080;\">Reclamos vinculados a tarjetas de cr\u00e9dito<\/span><\/li>\n<li style=\"text-align: justify;\"><span style=\"color: #808080;\">Reclamos\u00a0vinculados a\u00a0empresas de servicios p\u00fablicos<\/span><\/li>\n<li style=\"text-align: justify;\"><span style=\"color: #808080;\">Da\u00f1os punitivos.<\/span><\/li>\n<\/ul>\n","protected":false},"excerpt":{"rendered":"<p>Planes de ahorro Audiencia de Mediaci\u00f3n (Defensa del Consumidor) Clausulas contractuales nulas Procesos colectivos Publicidad enga\u00f1osa Incumplimiento contractuales Reclamos vinculados al servicio de compa\u00f1\u00edas telef\u00f3nicas Reclamos vinculados a tarjetas de cr\u00e9dito Reclamos\u00a0vinculados a\u00a0empresas de servicios p\u00fablicos Da\u00f1os punitivos.<\/p>\n","protected":false},"author":2,"featured_media":0,"parent":34,"menu_order":7,"comment_status":"closed","ping_status":"closed","template":"","meta":{"footnotes":""},"class_list":["post-85","page","type-page","status-publish","hentry"],"_links":{"self":[{"href":"https:\/\/csabogadas.com.ar\/index.php?rest_route=\/wp\/v2\/pages\/85","targetHints":{"allow":["GET"]}}],"collection":[{"href":"https:\/\/csabogadas.com.ar\/index.php?rest_route=\/wp\/v2\/pages"}],"about":[{"href":"https:\/\/csabogadas.com.ar\/index.php?rest_route=\/wp\/v2\/types\/page"}],"author":[{"embeddable":true,"href":"https:\/\/csabogadas.com.ar\/index.php?rest_route=\/wp\/v2\/users\/2"}],"replies":[{"embeddable":true,"href":"https:\/\/csabogadas.com.ar\/index.php?rest_route=%2Fwp%2Fv2%2Fcomments&post=85"}],"version-history":[{"count":1,"href":"https:\/\/csabogadas.com.ar\/index.php?rest_route=\/wp\/v2\/pages\/85\/revisions"}],"predecessor-version":[{"id":87,"href":"https:\/\/csabogadas.com.ar\/index.php?rest_route=\/wp\/v2\/pages\/85\/revisions\/87"}],"up":[{"embeddable":true,"href":"https:\/\/csabogadas.com.ar\/index.php?rest_route=\/wp\/v2\/pages\/34"}],"wp:attachment":[{"href":"https:\/\/csabogadas.com.ar\/index.php?rest_route=%2Fwp%2Fv2%2Fmedia&parent=85"}],"curies":[{"name":"wp","href":"https:\/\/api.w.org\/{rel}","templated":true}]}}