{"id":73,"date":"2015-02-12T19:02:50","date_gmt":"2015-02-12T19:02:50","guid":{"rendered":"https:\/\/csabogadas.com.ar\/?page_id=73"},"modified":"2015-02-12T21:14:24","modified_gmt":"2015-02-12T21:14:24","slug":"derecho-de-familia-y-sucesiones","status":"publish","type":"page","link":"https:\/\/csabogadas.com.ar\/?page_id=73","title":{"rendered":"Derecho de familia y sucesiones"},"content":{"rendered":"<ul>\n<li><span style=\"color: #808080;\">Divorcios<\/span><\/li>\n<li><span style=\"color: #808080;\">Nulidades matrimoniales<\/span><\/li>\n<li><span style=\"color: #808080;\">Adopci\u00f3n<\/span><\/li>\n<li><span style=\"color: #808080;\">Alimentos<\/span><\/li>\n<li><span style=\"color: #808080;\">Tenencia<\/span><\/li>\n<li><span style=\"color: #808080;\">Divisi\u00f3n de bienes y liquidaci\u00f3n de sociedad conyugal<\/span><\/li>\n<li><span style=\"color: #808080;\">Declaraci\u00f3n de incapacidad<\/span><\/li>\n<li><span style=\"color: #808080;\">Concubinato y uni\u00f3n de hecho<\/span><\/li>\n<li><span style=\"color: #808080;\">Bien de familia<\/span><\/li>\n<li><span style=\"color: #808080;\">Pactos prenupciales<\/span><\/li>\n<li><span style=\"color: #808080;\">R\u00e9gimen de bienes en sociedad conyugal<\/span><\/li>\n<li><span style=\"color: #808080;\">Sucesiones testamentarias y <em>ab-intestato<\/em><\/span><\/li>\n<\/ul>\n","protected":false},"excerpt":{"rendered":"<p>Divorcios Nulidades matrimoniales Adopci\u00f3n Alimentos Tenencia Divisi\u00f3n de bienes y liquidaci\u00f3n de sociedad conyugal Declaraci\u00f3n de incapacidad Concubinato y uni\u00f3n de hecho Bien de familia Pactos prenupciales R\u00e9gimen de bienes en sociedad conyugal Sucesiones testamentarias y ab-intestato<\/p>\n","protected":false},"author":2,"featured_media":0,"parent":34,"menu_order":3,"comment_status":"closed","ping_status":"closed","template":"","meta":{"footnotes":""},"class_list":["post-73","page","type-page","status-publish","hentry"],"_links":{"self":[{"href":"https:\/\/csabogadas.com.ar\/index.php?rest_route=\/wp\/v2\/pages\/73","targetHints":{"allow":["GET"]}}],"collection":[{"href":"https:\/\/csabogadas.com.ar\/index.php?rest_route=\/wp\/v2\/pages"}],"about":[{"href":"https:\/\/csabogadas.com.ar\/index.php?rest_route=\/wp\/v2\/types\/page"}],"author":[{"embeddable":true,"href":"https:\/\/csabogadas.com.ar\/index.php?rest_route=\/wp\/v2\/users\/2"}],"replies":[{"embeddable":true,"href":"https:\/\/csabogadas.com.ar\/index.php?rest_route=%2Fwp%2Fv2%2Fcomments&post=73"}],"version-history":[{"count":2,"href":"https:\/\/csabogadas.com.ar\/index.php?rest_route=\/wp\/v2\/pages\/73\/revisions"}],"predecessor-version":[{"id":109,"href":"https:\/\/csabogadas.com.ar\/index.php?rest_route=\/wp\/v2\/pages\/73\/revisions\/109"}],"up":[{"embeddable":true,"href":"https:\/\/csabogadas.com.ar\/index.php?rest_route=\/wp\/v2\/pages\/34"}],"wp:attachment":[{"href":"https:\/\/csabogadas.com.ar\/index.php?rest_route=%2Fwp%2Fv2%2Fmedia&parent=73"}],"curies":[{"name":"wp","href":"https:\/\/api.w.org\/{rel}","templated":true}]}}