{"id":58,"date":"2015-02-12T18:37:40","date_gmt":"2015-02-12T18:37:40","guid":{"rendered":"https:\/\/csabogadas.com.ar\/?page_id=58"},"modified":"2020-01-07T12:32:00","modified_gmt":"2020-01-07T12:32:00","slug":"derechoprevisional","status":"publish","type":"page","link":"https:\/\/csabogadas.com.ar\/?page_id=58","title":{"rendered":"Derecho previsional"},"content":{"rendered":"<ul>\n<li style=\"text-align: justify;\"><span style=\"color: #808080;\">Jubilaciones y Pensiones &#8211; IPS \/ ANSES &#8211;&nbsp;<\/span><\/li>\n<li style=\"text-align: justify;\"><span style=\"color: #808080;\">Jubilaciones docentes<\/span><\/li>\n<li style=\"text-align: justify;\"><span style=\"color: #808080;\">R\u00e9gimen de ama de casa (ley 24.828)<\/span><\/li>\n<li style=\"text-align: justify;\"><span style=\"color: #808080;\">Jubilaci\u00f3n de Funcionarios y Magistrados<\/span><\/li>\n<li style=\"text-align: justify;\"><span style=\"color: #808080;\">Amparos por pesificaci\u00f3n de haberes extrajeros.<\/span><\/li>\n<\/ul>\n","protected":false},"excerpt":{"rendered":"<p>Jubilaciones y Pensiones &#8211; IPS \/ ANSES &#8211;&nbsp; Jubilaciones docentes R\u00e9gimen de ama de casa (ley 24.828) Jubilaci\u00f3n de Funcionarios y Magistrados Amparos por pesificaci\u00f3n de haberes extrajeros.<\/p>\n","protected":false},"author":2,"featured_media":0,"parent":34,"menu_order":1,"comment_status":"closed","ping_status":"closed","template":"","meta":{"footnotes":""},"class_list":["post-58","page","type-page","status-publish","hentry"],"_links":{"self":[{"href":"https:\/\/csabogadas.com.ar\/index.php?rest_route=\/wp\/v2\/pages\/58","targetHints":{"allow":["GET"]}}],"collection":[{"href":"https:\/\/csabogadas.com.ar\/index.php?rest_route=\/wp\/v2\/pages"}],"about":[{"href":"https:\/\/csabogadas.com.ar\/index.php?rest_route=\/wp\/v2\/types\/page"}],"author":[{"embeddable":true,"href":"https:\/\/csabogadas.com.ar\/index.php?rest_route=\/wp\/v2\/users\/2"}],"replies":[{"embeddable":true,"href":"https:\/\/csabogadas.com.ar\/index.php?rest_route=%2Fwp%2Fv2%2Fcomments&post=58"}],"version-history":[{"count":4,"href":"https:\/\/csabogadas.com.ar\/index.php?rest_route=\/wp\/v2\/pages\/58\/revisions"}],"predecessor-version":[{"id":176,"href":"https:\/\/csabogadas.com.ar\/index.php?rest_route=\/wp\/v2\/pages\/58\/revisions\/176"}],"up":[{"embeddable":true,"href":"https:\/\/csabogadas.com.ar\/index.php?rest_route=\/wp\/v2\/pages\/34"}],"wp:attachment":[{"href":"https:\/\/csabogadas.com.ar\/index.php?rest_route=%2Fwp%2Fv2%2Fmedia&parent=58"}],"curies":[{"name":"wp","href":"https:\/\/api.w.org\/{rel}","templated":true}]}}