{"id":37,"date":"2015-02-12T17:29:28","date_gmt":"2015-02-12T17:29:28","guid":{"rendered":"https:\/\/csabogadas.com.ar\/?page_id=37"},"modified":"2020-01-07T12:33:07","modified_gmt":"2020-01-07T12:33:07","slug":"publicaciones","status":"publish","type":"page","link":"https:\/\/csabogadas.com.ar\/?page_id=37","title":{"rendered":"Publicaciones"},"content":{"rendered":"<p>&nbsp;<\/p>\n<ul>\n<ul>\n<li style=\"text-align: justify;\"><strong>Consorcios de cooperaci\u00f3n: sus aspectos principales e implicancias en el nuevo C\u00f3digo Civil y Comercial.<\/strong> Por Agostina Curcio, &#8211;&nbsp;Anales de Legislaci\u00f3n Argentina.&nbsp;A\u00f1o LXXV &#8211; n\u00ba 23.&nbsp;Tomo LXXV-D. Editorial La Ley &#8211; Thomson Reuters&nbsp;Septiembre de 2015<\/li>\n<li style=\"text-align: justify;\"><strong>Las contrataciones del Estado y las PyMes: r\u00e9gimen de \u00abcompre nacional\u00bb<\/strong>. Por Agostina Curcio. &#8211;&nbsp;Suplemento actualidad Febrero 2015 &#8211; Editorial La Ley, A\u00f1o LXXIX &#8211; N\u00b030 &#8211;&nbsp;ISSN 0024-1636<\/li>\n<li style=\"text-align: justify;\"><strong>Ley impositiva 2015 en la provincia de Buenos Aires.<\/strong> Por Agostina Curcio &#8211;&nbsp;Diario El D\u00eda &#8211; Secci\u00f3n Econom\u00eda, columna de enfoques tributarios Enero 2015 &#8211;<\/li>\n<li style=\"text-align: justify;\"><strong>Reg\u00edmenes previsionales especiales: Magistrados del Poder Judicial de la Provincia de Buenos Aires.<\/strong> Por Agostina Curcio .- Noviembre 2014 &#8211;<\/li>\n<li style=\"text-align: justify;\"><span dir=\"auto\"><strong>Cambio Clim\u00e1tico y desastres naturales, su impacto a nivel global, regional y en las pol\u00edticas de Defensa de la Rep\u00fablica Argentina<\/strong>. Octubre 2010 -Direcci\u00f3n: Iv\u00e1n Andr\u00e9s Ambroggio. Colaboraci\u00f3n de la Dra. Noelia Quintero Szymanowski como i<span class=\"field-text\">ntegrante acreditada del Proyecto de Investigaci\u00f3n para el Centro de Estudios Estrat\u00e9gicos para la Defensa \u201cManuel Belgrano\u201d. <\/span><br \/>\n<\/span><\/li>\n<\/ul>\n<\/ul>\n<p>&nbsp;<\/p>\n","protected":false},"excerpt":{"rendered":"<p>&nbsp; Consorcios de cooperaci\u00f3n: sus aspectos principales e implicancias en el nuevo C\u00f3digo Civil y Comercial. Por Agostina Curcio, &#8211;&nbsp;Anales de Legislaci\u00f3n Argentina.&nbsp;A\u00f1o LXXV &#8211; n\u00ba 23.&nbsp;Tomo LXXV-D. Editorial La Ley &#8211; Thomson Reuters&nbsp;Septiembre de 2015 Las contrataciones del Estado y las PyMes: r\u00e9gimen de \u00abcompre nacional\u00bb. Por Agostina Curcio. &#8211;&nbsp;Suplemento actualidad Febrero 2015 &#8211; [&hellip;]<\/p>\n","protected":false},"author":2,"featured_media":0,"parent":0,"menu_order":0,"comment_status":"closed","ping_status":"closed","template":"","meta":{"footnotes":""},"class_list":["post-37","page","type-page","status-publish","hentry"],"_links":{"self":[{"href":"https:\/\/csabogadas.com.ar\/index.php?rest_route=\/wp\/v2\/pages\/37","targetHints":{"allow":["GET"]}}],"collection":[{"href":"https:\/\/csabogadas.com.ar\/index.php?rest_route=\/wp\/v2\/pages"}],"about":[{"href":"https:\/\/csabogadas.com.ar\/index.php?rest_route=\/wp\/v2\/types\/page"}],"author":[{"embeddable":true,"href":"https:\/\/csabogadas.com.ar\/index.php?rest_route=\/wp\/v2\/users\/2"}],"replies":[{"embeddable":true,"href":"https:\/\/csabogadas.com.ar\/index.php?rest_route=%2Fwp%2Fv2%2Fcomments&post=37"}],"version-history":[{"count":6,"href":"https:\/\/csabogadas.com.ar\/index.php?rest_route=\/wp\/v2\/pages\/37\/revisions"}],"predecessor-version":[{"id":179,"href":"https:\/\/csabogadas.com.ar\/index.php?rest_route=\/wp\/v2\/pages\/37\/revisions\/179"}],"wp:attachment":[{"href":"https:\/\/csabogadas.com.ar\/index.php?rest_route=%2Fwp%2Fv2%2Fmedia&parent=37"}],"curies":[{"name":"wp","href":"https:\/\/api.w.org\/{rel}","templated":true}]}}