{"id":34,"date":"2015-02-12T17:28:39","date_gmt":"2015-02-12T17:28:39","guid":{"rendered":"https:\/\/csabogadas.com.ar\/?page_id=34"},"modified":"2020-01-07T12:31:43","modified_gmt":"2020-01-07T12:31:43","slug":"areasdepractica","status":"publish","type":"page","link":"https:\/\/csabogadas.com.ar\/?page_id=34","title":{"rendered":"\u00c1reas de Pr\u00e1ctica"},"content":{"rendered":"<p style=\"text-align: justify;\"><span style=\"color: #808080;\">Brindamos asesoramiento en todas las disciplinas del derecho. Los abogados&nbsp;de nuestro Estudio trabajan en forma coordinada para brindar soluciones integrales. El aporte de reconocidos profesionales que act\u00faan como consultores externos,&nbsp;nos permite ofrecer&nbsp;un servicio jur\u00eddico altamente calificado.<\/span><\/p>\n<p><span style=\"color: #808080;\">\u00c1reas:<\/span><\/p>\n<ul>\n<li><span style=\"color: #808080;\">Derecho previsional<\/span><\/li>\n<li><span style=\"color: #808080;\">Derecho de la empresa<\/span><\/li>\n<li><span style=\"color: #808080;\">Da\u00f1os y perjuicios<\/span><\/li>\n<li><span style=\"color: #808080;\">Derecho de familia<\/span><\/li>\n<li><span style=\"color: #808080;\">Derecho tributario<\/span><\/li>\n<li><span style=\"color: #808080;\">Derecho laboral<\/span><\/li>\n<li><span style=\"color: #808080;\">Derecho del consumidor<\/span><\/li>\n<li><span style=\"color: #808080;\">Derecho administrativo<\/span><\/li>\n<li><span style=\"color: #808080;\">Agronegocios<\/span><\/li>\n<li><span style=\"color: #808080;\">Derecho bancario<\/span><\/li>\n<li><span style=\"color: #808080;\">Patentes marcas y propiedad intelectual<\/span><\/li>\n<li><span style=\"color: #808080;\">Arbitraje<\/span><\/li>\n<\/ul>\n","protected":false},"excerpt":{"rendered":"<p>Brindamos asesoramiento en todas las disciplinas del derecho. Los abogados&nbsp;de nuestro Estudio trabajan en forma coordinada para brindar soluciones integrales. El aporte de reconocidos profesionales que act\u00faan como consultores externos,&nbsp;nos permite ofrecer&nbsp;un servicio jur\u00eddico altamente calificado. \u00c1reas: Derecho previsional Derecho de la empresa Da\u00f1os y perjuicios Derecho de familia Derecho tributario Derecho laboral Derecho del [&hellip;]<\/p>\n","protected":false},"author":2,"featured_media":0,"parent":0,"menu_order":0,"comment_status":"closed","ping_status":"closed","template":"","meta":{"footnotes":""},"class_list":["post-34","page","type-page","status-publish","hentry"],"_links":{"self":[{"href":"https:\/\/csabogadas.com.ar\/index.php?rest_route=\/wp\/v2\/pages\/34","targetHints":{"allow":["GET"]}}],"collection":[{"href":"https:\/\/csabogadas.com.ar\/index.php?rest_route=\/wp\/v2\/pages"}],"about":[{"href":"https:\/\/csabogadas.com.ar\/index.php?rest_route=\/wp\/v2\/types\/page"}],"author":[{"embeddable":true,"href":"https:\/\/csabogadas.com.ar\/index.php?rest_route=\/wp\/v2\/users\/2"}],"replies":[{"embeddable":true,"href":"https:\/\/csabogadas.com.ar\/index.php?rest_route=%2Fwp%2Fv2%2Fcomments&post=34"}],"version-history":[{"count":6,"href":"https:\/\/csabogadas.com.ar\/index.php?rest_route=\/wp\/v2\/pages\/34\/revisions"}],"predecessor-version":[{"id":175,"href":"https:\/\/csabogadas.com.ar\/index.php?rest_route=\/wp\/v2\/pages\/34\/revisions\/175"}],"wp:attachment":[{"href":"https:\/\/csabogadas.com.ar\/index.php?rest_route=%2Fwp%2Fv2%2Fmedia&parent=34"}],"curies":[{"name":"wp","href":"https:\/\/api.w.org\/{rel}","templated":true}]}}