{"id":32,"date":"2015-02-12T17:26:56","date_gmt":"2015-02-12T17:26:56","guid":{"rendered":"https:\/\/csabogadas.com.ar\/?page_id=32"},"modified":"2020-01-06T22:35:06","modified_gmt":"2020-01-06T22:35:06","slug":"profesionales","status":"publish","type":"page","link":"https:\/\/csabogadas.com.ar\/?page_id=32","title":{"rendered":"Profesionales"},"content":{"rendered":"<h2><\/h2>\n<h2><strong>Dra. Agostina Curcio<\/strong><\/h2>\n<p style=\"text-align: justify;\">Abogada y Escribana &#8211; Distinci\u00f3n\u00a0Joaqu\u00edn V. Gonz\u00e1lez mejores promedios egresados UNLP<\/p>\n<p style=\"text-align: justify;\">Premaster en Derecho Empresarial &#8211; Universidad Austral<\/p>\n<p style=\"text-align: justify;\">Auxiliar Docente Adscripta en C\u00e1tedra I de Introducci\u00f3n al Derecho &#8211; FCJS UNLP<\/p>\n<p style=\"text-align: justify;\">Idiomas : Ingl\u00e9s, Alem\u00e1n y Franc\u00e9s<\/p>\n<p style=\"text-align: justify;\">\u00a0<a href=\"https:\/\/csabogadas.com.ar\/wp-content\/uploads\/2015\/02\/descarga-2.jpg\"><img loading=\"lazy\" decoding=\"async\" class=\"alignnone wp-image-116\" src=\"https:\/\/csabogadas.com.ar\/wp-content\/uploads\/2015\/02\/descarga-2.jpg\" alt=\"descarga (2)\" width=\"27\" height=\"27\" srcset=\"https:\/\/csabogadas.com.ar\/wp-content\/uploads\/2015\/02\/descarga-2.jpg 204w, https:\/\/csabogadas.com.ar\/wp-content\/uploads\/2015\/02\/descarga-2-150x150.jpg 150w\" sizes=\"auto, (max-width: 27px) 100vw, 27px\" \/><\/a>\u00a0acurcio@csabogadas.com.ar<\/p>\n<p style=\"text-align: justify;\"><a href=\"https:\/\/csabogadas.com.ar\/wp-content\/uploads\/2015\/02\/descarga-1.jpg\"><img loading=\"lazy\" decoding=\"async\" class=\"alignnone wp-image-113\" src=\"https:\/\/csabogadas.com.ar\/wp-content\/uploads\/2015\/02\/linkedin-icon-logo-vector-300x300.png\" alt=\"linkedin-icon-logo-vector\" width=\"29\" height=\"29\" srcset=\"https:\/\/csabogadas.com.ar\/wp-content\/uploads\/2015\/02\/linkedin-icon-logo-vector-300x300.png 300w, https:\/\/csabogadas.com.ar\/wp-content\/uploads\/2015\/02\/linkedin-icon-logo-vector-150x150.png 150w, https:\/\/csabogadas.com.ar\/wp-content\/uploads\/2015\/02\/linkedin-icon-logo-vector.png 400w\" sizes=\"auto, (max-width: 29px) 100vw, 29px\" \/><\/a>\u00a0https:\/\/ar.linkedin.com\/pub\/agostina-curcio\/51\/a4\/5b<\/p>\n<p style=\"text-align: justify;\">\u00a0 \u00a0 \u00a0 \u00a0 <span style=\"color: #ffffff;\">\u00a0 .<\/span><\/p>\n<p><!--more--><\/p>\n<h2><strong>Dra. Noelia Quintero Szymanowski<\/strong><\/h2>\n<p>Abogada &#8211; UNLP<\/p>\n<p>M\u00e1ster en Relaciones Internacionales &#8211; UNLP<\/p>\n<p>Auxiliar Docente\u00a0en C\u00e1tedra I de Introducci\u00f3n al Derecho &#8211; FCJS UNLP<\/p>\n<p>Idiomas: Ingl\u00e9s, Polaco, Japones<\/p>\n<p><a href=\"https:\/\/csabogadas.com.ar\/wp-content\/uploads\/2015\/02\/descarga-2.jpg\"><img loading=\"lazy\" decoding=\"async\" class=\"alignnone wp-image-116\" src=\"https:\/\/csabogadas.com.ar\/wp-content\/uploads\/2015\/02\/descarga-2.jpg\" alt=\"descarga (2)\" width=\"27\" height=\"27\" srcset=\"https:\/\/csabogadas.com.ar\/wp-content\/uploads\/2015\/02\/descarga-2.jpg 204w, https:\/\/csabogadas.com.ar\/wp-content\/uploads\/2015\/02\/descarga-2-150x150.jpg 150w\" sizes=\"auto, (max-width: 27px) 100vw, 27px\" \/><\/a>\u00a0nquintero@csabogadas.com.ar<\/p>\n<p><a href=\"https:\/\/csabogadas.com.ar\/wp-content\/uploads\/2015\/02\/descarga-1.jpg\"><img loading=\"lazy\" decoding=\"async\" class=\"alignnone wp-image-113\" src=\"https:\/\/csabogadas.com.ar\/wp-content\/uploads\/2015\/02\/linkedin-icon-logo-vector-300x300.png\" alt=\"linkedin-icon-logo-vector\" width=\"29\" height=\"29\" srcset=\"https:\/\/csabogadas.com.ar\/wp-content\/uploads\/2015\/02\/linkedin-icon-logo-vector-300x300.png 300w, https:\/\/csabogadas.com.ar\/wp-content\/uploads\/2015\/02\/linkedin-icon-logo-vector-150x150.png 150w, https:\/\/csabogadas.com.ar\/wp-content\/uploads\/2015\/02\/linkedin-icon-logo-vector.png 400w\" sizes=\"auto, (max-width: 29px) 100vw, 29px\" \/><\/a>\u00a0https:\/\/ar.linkedin.com\/pub\/noelia-quintero-szymanowski\/98\/332\/b41<\/p>\n<p>&nbsp;<\/p>\n<p><!--more--><\/p>\n<h2><strong>Asociados<\/strong><\/h2>\n<h4>Dr. Matias Ag\u00fcero Pe\u00f1alba<\/h4>\n<h4>Dr. Manuel S. Lavalle<\/h4>\n<h4>Dr. Julian Pamphile<\/h4>\n","protected":false},"excerpt":{"rendered":"<p>Dra. Agostina Curcio Abogada y Escribana &#8211; Distinci\u00f3n\u00a0Joaqu\u00edn V. Gonz\u00e1lez mejores promedios egresados UNLP Premaster en Derecho Empresarial &#8211; Universidad Austral Auxiliar Docente Adscripta en C\u00e1tedra I de Introducci\u00f3n al Derecho &#8211; FCJS UNLP Idiomas : Ingl\u00e9s, Alem\u00e1n y Franc\u00e9s \u00a0\u00a0acurcio@csabogadas.com.ar \u00a0https:\/\/ar.linkedin.com\/pub\/agostina-curcio\/51\/a4\/5b \u00a0 \u00a0 \u00a0 \u00a0 \u00a0 .<\/p>\n","protected":false},"author":2,"featured_media":0,"parent":0,"menu_order":0,"comment_status":"closed","ping_status":"closed","template":"","meta":{"footnotes":""},"class_list":["post-32","page","type-page","status-publish","hentry"],"_links":{"self":[{"href":"https:\/\/csabogadas.com.ar\/index.php?rest_route=\/wp\/v2\/pages\/32","targetHints":{"allow":["GET"]}}],"collection":[{"href":"https:\/\/csabogadas.com.ar\/index.php?rest_route=\/wp\/v2\/pages"}],"about":[{"href":"https:\/\/csabogadas.com.ar\/index.php?rest_route=\/wp\/v2\/types\/page"}],"author":[{"embeddable":true,"href":"https:\/\/csabogadas.com.ar\/index.php?rest_route=\/wp\/v2\/users\/2"}],"replies":[{"embeddable":true,"href":"https:\/\/csabogadas.com.ar\/index.php?rest_route=%2Fwp%2Fv2%2Fcomments&post=32"}],"version-history":[{"count":10,"href":"https:\/\/csabogadas.com.ar\/index.php?rest_route=\/wp\/v2\/pages\/32\/revisions"}],"predecessor-version":[{"id":167,"href":"https:\/\/csabogadas.com.ar\/index.php?rest_route=\/wp\/v2\/pages\/32\/revisions\/167"}],"wp:attachment":[{"href":"https:\/\/csabogadas.com.ar\/index.php?rest_route=%2Fwp%2Fv2%2Fmedia&parent=32"}],"curies":[{"name":"wp","href":"https:\/\/api.w.org\/{rel}","templated":true}]}}