{"id":2,"date":"2014-11-06T11:55:36","date_gmt":"2014-11-06T11:55:36","guid":{"rendered":"https:\/\/csabogadas.com.ar\/\/?page_id=2"},"modified":"2015-02-13T18:27:03","modified_gmt":"2015-02-13T18:27:03","slug":"elestudio","status":"publish","type":"page","link":"https:\/\/csabogadas.com.ar\/?page_id=2","title":{"rendered":"El Estudio"},"content":{"rendered":"<p style=\"text-align: justify;\"><span style=\"color: #808080;\">Somos un estudio jur\u00eddico integral compuesto por j\u00f3venes abogados dedicados a brindar soluciones din\u00e1micas que satisfagan las distintas necesidades de nuestros clientes. Poseemos un fuerte compromiso en el asesoramiento legal otorgado, priorizando los intereses de quienes conf\u00edan en nosotros. Contamos con la visi\u00f3n de profesionales vinculados a \u00e1reas afines, para as\u00ed lograr una labor interdisciplinaria ajustada a los requerimientos del cliente.<\/span><\/p>\n<p><span style=\"color: #808080;\">La seriedad y el compromiso \u00e9tico nos caracterizan.<\/span><\/p>\n","protected":false},"excerpt":{"rendered":"<p>Somos un estudio jur\u00eddico integral compuesto por j\u00f3venes abogados dedicados a brindar soluciones din\u00e1micas que satisfagan las distintas necesidades de nuestros clientes. Poseemos un fuerte compromiso en el asesoramiento legal otorgado, priorizando los intereses de quienes conf\u00edan en nosotros. Contamos con la visi\u00f3n de profesionales vinculados a \u00e1reas afines, para as\u00ed lograr una labor interdisciplinaria [&hellip;]<\/p>\n","protected":false},"author":2,"featured_media":0,"parent":0,"menu_order":0,"comment_status":"closed","ping_status":"closed","template":"","meta":{"footnotes":""},"class_list":["post-2","page","type-page","status-publish","hentry"],"_links":{"self":[{"href":"https:\/\/csabogadas.com.ar\/index.php?rest_route=\/wp\/v2\/pages\/2","targetHints":{"allow":["GET"]}}],"collection":[{"href":"https:\/\/csabogadas.com.ar\/index.php?rest_route=\/wp\/v2\/pages"}],"about":[{"href":"https:\/\/csabogadas.com.ar\/index.php?rest_route=\/wp\/v2\/types\/page"}],"author":[{"embeddable":true,"href":"https:\/\/csabogadas.com.ar\/index.php?rest_route=\/wp\/v2\/users\/2"}],"replies":[{"embeddable":true,"href":"https:\/\/csabogadas.com.ar\/index.php?rest_route=%2Fwp%2Fv2%2Fcomments&post=2"}],"version-history":[{"count":7,"href":"https:\/\/csabogadas.com.ar\/index.php?rest_route=\/wp\/v2\/pages\/2\/revisions"}],"predecessor-version":[{"id":122,"href":"https:\/\/csabogadas.com.ar\/index.php?rest_route=\/wp\/v2\/pages\/2\/revisions\/122"}],"wp:attachment":[{"href":"https:\/\/csabogadas.com.ar\/index.php?rest_route=%2Fwp%2Fv2%2Fmedia&parent=2"}],"curies":[{"name":"wp","href":"https:\/\/api.w.org\/{rel}","templated":true}]}}